{"id":3739,"date":"2023-04-12T09:39:31","date_gmt":"2023-04-12T09:39:31","guid":{"rendered":"https:\/\/www.karenhanna.com\/qui-nous-recrutons\/iot-security\/"},"modified":"2023-08-03T06:33:38","modified_gmt":"2023-08-03T06:33:38","slug":"la-securite-iot","status":"publish","type":"page","link":"https:\/\/www.karenhanna.com\/fr\/qui-nous-recrutons\/la-securite-iot\/","title":{"rendered":"La s\u00e9curit\u00e9 IoT"},"content":{"rendered":"\t\t<div data-elementor-type=\"wp-page\" data-elementor-id=\"3739\" class=\"elementor elementor-3739 elementor-3144\">\n\t\t\t\t\t\t\t\t\t<section class=\"elementor-section elementor-top-section elementor-element elementor-element-cb69ef5 elementor-section-full_width elementor-section-stretched text-light elementor-section-height-min-height elementor-section-height-default elementor-section-items-middle\" data-id=\"cb69ef5\" data-element_type=\"section\" data-settings=\"{&quot;stretch_section&quot;:&quot;section-stretched&quot;,&quot;background_background&quot;:&quot;classic&quot;}\">\n\t\t\t\t\t\t\t<div class=\"elementor-background-overlay\"><\/div>\n\t\t\t\t\t\t\t<div class=\"elementor-container elementor-column-gap-no\">\n\t\t\t\t\t<div class=\"elementor-column elementor-col-100 elementor-top-column elementor-element elementor-element-5eebb18\" data-id=\"5eebb18\" data-element_type=\"column\">\n\t\t\t<div class=\"elementor-widget-wrap\">\n\t\t\t\t\t\t\t\t\t<\/div>\n\t\t<\/div>\n\t\t\t\t\t\t\t<\/div>\n\t\t<\/section>\n\t\t\t\t<section class=\"elementor-section elementor-top-section elementor-element elementor-element-468f1ec elementor-section-boxed elementor-section-height-default elementor-section-height-default\" data-id=\"468f1ec\" data-element_type=\"section\" data-settings=\"{&quot;background_background&quot;:&quot;classic&quot;}\">\n\t\t\t\t\t\t<div class=\"elementor-container elementor-column-gap-default\">\n\t\t\t\t\t<div class=\"elementor-column elementor-col-100 elementor-top-column elementor-element elementor-element-c53e6d0\" data-id=\"c53e6d0\" data-element_type=\"column\">\n\t\t\t<div class=\"elementor-widget-wrap elementor-element-populated\">\n\t\t\t\t\t\t\t\t<div class=\"elementor-element elementor-element-1dc7973 elementor-widget elementor-widget-heading\" data-id=\"1dc7973\" data-element_type=\"widget\" data-widget_type=\"heading.default\">\n\t\t\t\t<div class=\"elementor-widget-container\">\n\t\t\t<style>\/*! elementor - v3.11.5 - 14-03-2023 *\/\n.elementor-heading-title{padding:0;margin:0;line-height:1}.elementor-widget-heading .elementor-heading-title[class*=elementor-size-]>a{color:inherit;font-size:inherit;line-height:inherit}.elementor-widget-heading .elementor-heading-title.elementor-size-small{font-size:15px}.elementor-widget-heading .elementor-heading-title.elementor-size-medium{font-size:19px}.elementor-widget-heading .elementor-heading-title.elementor-size-large{font-size:29px}.elementor-widget-heading .elementor-heading-title.elementor-size-xl{font-size:39px}.elementor-widget-heading .elementor-heading-title.elementor-size-xxl{font-size:59px}<\/style><h3 class=\"elementor-heading-title elementor-size-default\">La s\u00e9curit\u00e9 IoT<\/h3>\t\t<\/div>\n\t\t\t\t<\/div>\n\t\t\t\t<div class=\"elementor-element elementor-element-fc055a4 elementor-widget elementor-widget-spacer\" data-id=\"fc055a4\" data-element_type=\"widget\" data-widget_type=\"spacer.default\">\n\t\t\t\t<div class=\"elementor-widget-container\">\n\t\t\t<style>\/*! elementor - v3.11.5 - 14-03-2023 *\/\n.elementor-column .elementor-spacer-inner{height:var(--spacer-size)}.e-con{--container-widget-width:100%}.e-con-inner>.elementor-widget-spacer,.e-con>.elementor-widget-spacer{width:var(--container-widget-width,var(--spacer-size));--align-self:var(--container-widget-align-self,initial);--flex-shrink:0}.e-con-inner>.elementor-widget-spacer>.elementor-widget-container,.e-con-inner>.elementor-widget-spacer>.elementor-widget-container>.elementor-spacer,.e-con>.elementor-widget-spacer>.elementor-widget-container,.e-con>.elementor-widget-spacer>.elementor-widget-container>.elementor-spacer{height:100%}.e-con-inner>.elementor-widget-spacer>.elementor-widget-container>.elementor-spacer>.elementor-spacer-inner,.e-con>.elementor-widget-spacer>.elementor-widget-container>.elementor-spacer>.elementor-spacer-inner{height:var(--container-widget-height,var(--spacer-size))}<\/style>\t\t<div class=\"elementor-spacer\">\n\t\t\t<div class=\"elementor-spacer-inner\"><\/div>\n\t\t<\/div>\n\t\t\t\t<\/div>\n\t\t\t\t<\/div>\n\t\t\t\t<div class=\"elementor-element elementor-element-f4300dd elementor-widget elementor-widget-text-editor\" data-id=\"f4300dd\" data-element_type=\"widget\" data-widget_type=\"text-editor.default\">\n\t\t\t\t<div class=\"elementor-widget-container\">\n\t\t\t<style>\/*! elementor - v3.11.5 - 14-03-2023 *\/\n.elementor-widget-text-editor.elementor-drop-cap-view-stacked .elementor-drop-cap{background-color:#818a91;color:#fff}.elementor-widget-text-editor.elementor-drop-cap-view-framed .elementor-drop-cap{color:#818a91;border:3px solid;background-color:transparent}.elementor-widget-text-editor:not(.elementor-drop-cap-view-default) .elementor-drop-cap{margin-top:8px}.elementor-widget-text-editor:not(.elementor-drop-cap-view-default) .elementor-drop-cap-letter{width:1em;height:1em}.elementor-widget-text-editor .elementor-drop-cap{float:left;text-align:center;line-height:1;font-size:50px}.elementor-widget-text-editor .elementor-drop-cap-letter{display:inline-block}<\/style>\t\t\t\t<p>L&#8217;Internet des objets est un syst\u00e8me de dispositifs informatiques interd\u00e9pendants qui sont dot\u00e9s d&#8217;identificateurs uniques (UID) et peuvent transf\u00e9rer des donn\u00e9es sur des r\u00e9seaux sans n\u00e9cessiter d&#8217;interaction d&#8217;homme \u00e0 homme ou d&#8217;homme \u00e0 ordinateur. L&#8217;IoT est un concept o\u00f9 des appareils tels que des machines \u00e0 laver, des t\u00e9l\u00e9phones portables, des cafeti\u00e8res, des lampes, des \u00e9couteurs, etc. sont connect\u00e9s \u00e0 Internet via un interrupteur marche\/arr\u00eat. En bref, l&#8217;IoT fait r\u00e9f\u00e9rence \u00e0 un r\u00e9seau g\u00e9ant d&#8217;objets connect\u00e9s.<\/p><p>La s\u00e9curit\u00e9 IoT est l&#8217;acte de s\u00e9curiser les appareils Internet et les r\u00e9seaux auxquels ils sont connect\u00e9s contre les menaces et les violations en prot\u00e9geant, identifiant et surveillant les risques tout en aidant \u00e0 corriger les vuln\u00e9rabilit\u00e9s d&#8217;une gamme d&#8217;appareils qui peuvent poser des risques de s\u00e9curit\u00e9 pour votre entreprise.<\/p><p>La description de poste de la s\u00e9curit\u00e9 IoT peut inclure les \u00e9l\u00e9ments suivants\u00a0:<\/p><p><strong>Responsabilit\u00e9s :<\/strong><strong>\u00a0<\/strong><\/p><ul><li>Cr\u00e9er et d\u00e9velopper des appareils, des capteurs et des logiciels.<\/li><li>Recherchez, cr\u00e9ez, testez et documentez des solutions IoT.<\/li><li>Concevoir, coder et tester les fonctionnalit\u00e9s des appareils IoT.<\/li><li>Apporter des solutions aux probl\u00e9matiques li\u00e9es \u00e0 la connexion des r\u00e9seaux et des plateformes.<\/li><li>Analyser les besoins des utilisateurs et travailler en tant que concepteurs de services.<\/li><li>D\u00e9velopper un logiciel qui surveille et ex\u00e9cute les processus.<\/li><li>Concevez des solutions de plate-forme compatibles avec le cloud et compatibles avec les applications IoT.<\/li><li>D\u00e9velopper un logiciel qui permet aux appareils IoT de fonctionner et de se connecter \u00e0 d&#8217;autres appareils.<strong>\u00a0<\/strong><\/li><\/ul><p><strong>Les crit\u00e8res de s\u00e9lection :<\/strong><strong>\u00a0<\/strong><\/p><ul><li>Baccalaur\u00e9at en informatique, en g\u00e9nie informatique ou dans un domaine technique \u00e9quivalent.<\/li><li>Ma\u00eetrise et exp\u00e9rience des langages de programmation.<\/li><li>Compr\u00e9hension approfondie de la programmation informatique et de la s\u00e9curit\u00e9 des r\u00e9seaux.<\/li><li>Bonne connaissance des capteurs.<\/li><li>Connaissance de l&#8217;apprentissage automatique et de l&#8217;IA.<\/li><li>Exp\u00e9rience de travail avec les syst\u00e8mes front-end et back-end.<\/li><li>Exp\u00e9rience avec des micrologiciels et du mat\u00e9riel personnalis\u00e9s.<\/li><li>Connaissance du Big Data et des algorithmes d&#8217;apprentissage automatique.<\/li><li>Bonne compr\u00e9hension de l&#8217;architecture et des principes de l&#8217;IdO.<\/li><li>Connaissance de la s\u00e9curit\u00e9 des appareils et des donn\u00e9es.<\/li><li>Travaillez et collaborez bien avec les autres. De solides comp\u00e9tences en communication.<\/li><li>Solides comp\u00e9tences en analyse et en r\u00e9solution de probl\u00e8mes.<\/li><\/ul>\t\t\t\t\t\t<\/div>\n\t\t\t\t<\/div>\n\t\t\t\t<div class=\"elementor-element elementor-element-a04951a elementor-widget elementor-widget-spacer\" data-id=\"a04951a\" data-element_type=\"widget\" data-widget_type=\"spacer.default\">\n\t\t\t\t<div class=\"elementor-widget-container\">\n\t\t\t\t\t<div class=\"elementor-spacer\">\n\t\t\t<div class=\"elementor-spacer-inner\"><\/div>\n\t\t<\/div>\n\t\t\t\t<\/div>\n\t\t\t\t<\/div>\n\t\t\t\t<div class=\"elementor-element elementor-element-255577a elementor-align-justify elementor-widget elementor-widget-button\" data-id=\"255577a\" data-element_type=\"widget\" data-widget_type=\"button.default\">\n\t\t\t\t<div class=\"elementor-widget-container\">\n\t\t\t\t\t<div class=\"elementor-button-wrapper\">\n\t\t\t<a href=\"https:\/\/www.karenhanna.com\/fr\/contact\/\" class=\"elementor-button-link elementor-button elementor-size-md\" role=\"button\">\n\t\t\t\t\t\t<span class=\"elementor-button-content-wrapper\">\n\t\t\t\t\t\t<span class=\"elementor-button-text\">Renseignez-vous maintenant<\/span>\n\t\t<\/span>\n\t\t\t\t\t<\/a>\n\t\t<\/div>\n\t\t\t\t<\/div>\n\t\t\t\t<\/div>\n\t\t\t\t\t<\/div>\n\t\t<\/div>\n\t\t\t\t\t\t\t<\/div>\n\t\t<\/section>\n\t\t\t\t\t\t\t<\/div>\n\t\t<div class=\"qrcprowrapper\" style=\"text-align:left;\" id=\"qrcwraaerfileds\"><div class=\"qrc_qrcode\" style=\"display:inline-block\" data-text=\"https:\/\/www.karenhanna.com\/fr\/qui-nous-recrutons\/la-securite-iot\/\"><\/div><\/div>","protected":false},"excerpt":{"rendered":"<p>La s\u00e9curit\u00e9 IoT L&#8217;Internet des objets est un syst\u00e8me de dispositifs informatiques interd\u00e9pendants qui sont dot\u00e9s d&#8217;identificateurs uniques (UID) et peuvent transf\u00e9rer des donn\u00e9es sur des r\u00e9seaux sans n\u00e9cessiter d&#8217;interaction d&#8217;homme \u00e0 homme ou d&#8217;homme \u00e0 ordinateur. L&#8217;IoT est un concept o\u00f9 des appareils tels que des machines \u00e0 laver, des t\u00e9l\u00e9phones portables, des cafeti\u00e8res, [&hellip;]<\/p>\n","protected":false},"author":1,"featured_media":0,"parent":3574,"menu_order":0,"comment_status":"closed","ping_status":"closed","template":"page-template\/crystal-template.php","meta":{"footnotes":""},"class_list":["post-3739","page","type-page","status-publish","hentry"],"yoast_head":"<!-- This site is optimized with the Yoast SEO plugin v20.11 - https:\/\/yoast.com\/wordpress\/plugins\/seo\/ -->\n<title>La s\u00e9curit\u00e9 IoT - Karen Hanna Executive Search<\/title>\n<meta name=\"robots\" content=\"index, follow, max-snippet:-1, max-image-preview:large, max-video-preview:-1\" \/>\n<link rel=\"canonical\" href=\"https:\/\/www.karenhanna.com\/fr\/qui-nous-recrutons\/la-securite-iot\/\" \/>\n<meta property=\"og:locale\" content=\"fr_FR\" \/>\n<meta property=\"og:type\" content=\"article\" \/>\n<meta property=\"og:title\" content=\"La s\u00e9curit\u00e9 IoT - Karen Hanna Executive Search\" \/>\n<meta property=\"og:description\" content=\"La s\u00e9curit\u00e9 IoT L&#8217;Internet des objets est un syst\u00e8me de dispositifs informatiques interd\u00e9pendants qui sont dot\u00e9s d&#8217;identificateurs uniques (UID) et peuvent transf\u00e9rer des donn\u00e9es sur des r\u00e9seaux sans n\u00e9cessiter d&#8217;interaction d&#8217;homme \u00e0 homme ou d&#8217;homme \u00e0 ordinateur. L&#8217;IoT est un concept o\u00f9 des appareils tels que des machines \u00e0 laver, des t\u00e9l\u00e9phones portables, des cafeti\u00e8res, [&hellip;]\" \/>\n<meta property=\"og:url\" content=\"https:\/\/www.karenhanna.com\/fr\/qui-nous-recrutons\/la-securite-iot\/\" \/>\n<meta property=\"og:site_name\" content=\"Karen Hanna Executive Search\" \/>\n<meta property=\"article:publisher\" content=\"https:\/\/www.facebook.com\/karenhannaexecutivesearch\" \/>\n<meta property=\"article:modified_time\" content=\"2023-08-03T06:33:38+00:00\" \/>\n<meta name=\"twitter:card\" content=\"summary_large_image\" \/>\n<meta name=\"twitter:site\" content=\"@karenhannaES\" \/>\n<meta name=\"twitter:label1\" content=\"Dur\u00e9e de lecture estim\u00e9e\" \/>\n\t<meta name=\"twitter:data1\" content=\"2 minutes\" \/>\n<script type=\"application\/ld+json\" class=\"yoast-schema-graph\">{\"@context\":\"https:\/\/schema.org\",\"@graph\":[{\"@type\":\"WebPage\",\"@id\":\"https:\/\/www.karenhanna.com\/fr\/qui-nous-recrutons\/la-securite-iot\/\",\"url\":\"https:\/\/www.karenhanna.com\/fr\/qui-nous-recrutons\/la-securite-iot\/\",\"name\":\"La s\u00e9curit\u00e9 IoT - Karen Hanna Executive Search\",\"isPartOf\":{\"@id\":\"https:\/\/www.karenhanna.com\/#website\"},\"datePublished\":\"2023-04-12T09:39:31+00:00\",\"dateModified\":\"2023-08-03T06:33:38+00:00\",\"breadcrumb\":{\"@id\":\"https:\/\/www.karenhanna.com\/fr\/qui-nous-recrutons\/la-securite-iot\/#breadcrumb\"},\"inLanguage\":\"fr-FR\",\"potentialAction\":[{\"@type\":\"ReadAction\",\"target\":[\"https:\/\/www.karenhanna.com\/fr\/qui-nous-recrutons\/la-securite-iot\/\"]}]},{\"@type\":\"BreadcrumbList\",\"@id\":\"https:\/\/www.karenhanna.com\/fr\/qui-nous-recrutons\/la-securite-iot\/#breadcrumb\",\"itemListElement\":[{\"@type\":\"ListItem\",\"position\":1,\"name\":\"Home\",\"item\":\"https:\/\/www.karenhanna.com\/fr\/\"},{\"@type\":\"ListItem\",\"position\":2,\"name\":\"Qui Nous Recrutons\",\"item\":\"https:\/\/www.karenhanna.com\/fr\/qui-nous-recrutons\/\"},{\"@type\":\"ListItem\",\"position\":3,\"name\":\"La s\u00e9curit\u00e9 IoT\"}]},{\"@type\":\"WebSite\",\"@id\":\"https:\/\/www.karenhanna.com\/#website\",\"url\":\"https:\/\/www.karenhanna.com\/\",\"name\":\"Karen Hanna Executive Search\",\"description\":\"\",\"publisher\":{\"@id\":\"https:\/\/www.karenhanna.com\/#organization\"},\"potentialAction\":[{\"@type\":\"SearchAction\",\"target\":{\"@type\":\"EntryPoint\",\"urlTemplate\":\"https:\/\/www.karenhanna.com\/?s={search_term_string}\"},\"query-input\":\"required name=search_term_string\"}],\"inLanguage\":\"fr-FR\"},{\"@type\":\"Organization\",\"@id\":\"https:\/\/www.karenhanna.com\/#organization\",\"name\":\"Karen Hanna Executive Search\",\"url\":\"https:\/\/www.karenhanna.com\/\",\"logo\":{\"@type\":\"ImageObject\",\"inLanguage\":\"fr-FR\",\"@id\":\"https:\/\/www.karenhanna.com\/#\/schema\/logo\/image\/\",\"url\":\"https:\/\/www.karenhanna.com\/wp-content\/uploads\/2023\/04\/karen-hanna-logo.png\",\"contentUrl\":\"https:\/\/www.karenhanna.com\/wp-content\/uploads\/2023\/04\/karen-hanna-logo.png\",\"width\":500,\"height\":500,\"caption\":\"Karen Hanna Executive Search\"},\"image\":{\"@id\":\"https:\/\/www.karenhanna.com\/#\/schema\/logo\/image\/\"},\"sameAs\":[\"https:\/\/www.facebook.com\/karenhannaexecutivesearch\",\"https:\/\/twitter.com\/karenhannaES\",\"https:\/\/www.linkedin.com\/company\/karen-hanna-recherche-de-cadres-executive-search\/about\/\",\"https:\/\/www.instagram.com\/karenhannaexecutivesearch\/\",\"https:\/\/www.youtube.com\/@KarenHannaExecutiveSearch\"]}]}<\/script>\n<!-- \/ Yoast SEO plugin. -->","yoast_head_json":{"title":"La s\u00e9curit\u00e9 IoT - Karen Hanna Executive Search","robots":{"index":"index","follow":"follow","max-snippet":"max-snippet:-1","max-image-preview":"max-image-preview:large","max-video-preview":"max-video-preview:-1"},"canonical":"https:\/\/www.karenhanna.com\/fr\/qui-nous-recrutons\/la-securite-iot\/","og_locale":"fr_FR","og_type":"article","og_title":"La s\u00e9curit\u00e9 IoT - Karen Hanna Executive Search","og_description":"La s\u00e9curit\u00e9 IoT L&#8217;Internet des objets est un syst\u00e8me de dispositifs informatiques interd\u00e9pendants qui sont dot\u00e9s d&#8217;identificateurs uniques (UID) et peuvent transf\u00e9rer des donn\u00e9es sur des r\u00e9seaux sans n\u00e9cessiter d&#8217;interaction d&#8217;homme \u00e0 homme ou d&#8217;homme \u00e0 ordinateur. L&#8217;IoT est un concept o\u00f9 des appareils tels que des machines \u00e0 laver, des t\u00e9l\u00e9phones portables, des cafeti\u00e8res, [&hellip;]","og_url":"https:\/\/www.karenhanna.com\/fr\/qui-nous-recrutons\/la-securite-iot\/","og_site_name":"Karen Hanna Executive Search","article_publisher":"https:\/\/www.facebook.com\/karenhannaexecutivesearch","article_modified_time":"2023-08-03T06:33:38+00:00","twitter_card":"summary_large_image","twitter_site":"@karenhannaES","twitter_misc":{"Dur\u00e9e de lecture estim\u00e9e":"2 minutes"},"schema":{"@context":"https:\/\/schema.org","@graph":[{"@type":"WebPage","@id":"https:\/\/www.karenhanna.com\/fr\/qui-nous-recrutons\/la-securite-iot\/","url":"https:\/\/www.karenhanna.com\/fr\/qui-nous-recrutons\/la-securite-iot\/","name":"La s\u00e9curit\u00e9 IoT - Karen Hanna Executive Search","isPartOf":{"@id":"https:\/\/www.karenhanna.com\/#website"},"datePublished":"2023-04-12T09:39:31+00:00","dateModified":"2023-08-03T06:33:38+00:00","breadcrumb":{"@id":"https:\/\/www.karenhanna.com\/fr\/qui-nous-recrutons\/la-securite-iot\/#breadcrumb"},"inLanguage":"fr-FR","potentialAction":[{"@type":"ReadAction","target":["https:\/\/www.karenhanna.com\/fr\/qui-nous-recrutons\/la-securite-iot\/"]}]},{"@type":"BreadcrumbList","@id":"https:\/\/www.karenhanna.com\/fr\/qui-nous-recrutons\/la-securite-iot\/#breadcrumb","itemListElement":[{"@type":"ListItem","position":1,"name":"Home","item":"https:\/\/www.karenhanna.com\/fr\/"},{"@type":"ListItem","position":2,"name":"Qui Nous Recrutons","item":"https:\/\/www.karenhanna.com\/fr\/qui-nous-recrutons\/"},{"@type":"ListItem","position":3,"name":"La s\u00e9curit\u00e9 IoT"}]},{"@type":"WebSite","@id":"https:\/\/www.karenhanna.com\/#website","url":"https:\/\/www.karenhanna.com\/","name":"Karen Hanna Executive Search","description":"","publisher":{"@id":"https:\/\/www.karenhanna.com\/#organization"},"potentialAction":[{"@type":"SearchAction","target":{"@type":"EntryPoint","urlTemplate":"https:\/\/www.karenhanna.com\/?s={search_term_string}"},"query-input":"required name=search_term_string"}],"inLanguage":"fr-FR"},{"@type":"Organization","@id":"https:\/\/www.karenhanna.com\/#organization","name":"Karen Hanna Executive Search","url":"https:\/\/www.karenhanna.com\/","logo":{"@type":"ImageObject","inLanguage":"fr-FR","@id":"https:\/\/www.karenhanna.com\/#\/schema\/logo\/image\/","url":"https:\/\/www.karenhanna.com\/wp-content\/uploads\/2023\/04\/karen-hanna-logo.png","contentUrl":"https:\/\/www.karenhanna.com\/wp-content\/uploads\/2023\/04\/karen-hanna-logo.png","width":500,"height":500,"caption":"Karen Hanna Executive Search"},"image":{"@id":"https:\/\/www.karenhanna.com\/#\/schema\/logo\/image\/"},"sameAs":["https:\/\/www.facebook.com\/karenhannaexecutivesearch","https:\/\/twitter.com\/karenhannaES","https:\/\/www.linkedin.com\/company\/karen-hanna-recherche-de-cadres-executive-search\/about\/","https:\/\/www.instagram.com\/karenhannaexecutivesearch\/","https:\/\/www.youtube.com\/@KarenHannaExecutiveSearch"]}]}},"_links":{"self":[{"href":"https:\/\/www.karenhanna.com\/fr\/wp-json\/wp\/v2\/pages\/3739","targetHints":{"allow":["GET"]}}],"collection":[{"href":"https:\/\/www.karenhanna.com\/fr\/wp-json\/wp\/v2\/pages"}],"about":[{"href":"https:\/\/www.karenhanna.com\/fr\/wp-json\/wp\/v2\/types\/page"}],"author":[{"embeddable":true,"href":"https:\/\/www.karenhanna.com\/fr\/wp-json\/wp\/v2\/users\/1"}],"replies":[{"embeddable":true,"href":"https:\/\/www.karenhanna.com\/fr\/wp-json\/wp\/v2\/comments?post=3739"}],"version-history":[{"count":0,"href":"https:\/\/www.karenhanna.com\/fr\/wp-json\/wp\/v2\/pages\/3739\/revisions"}],"up":[{"embeddable":true,"href":"https:\/\/www.karenhanna.com\/fr\/wp-json\/wp\/v2\/pages\/3574"}],"wp:attachment":[{"href":"https:\/\/www.karenhanna.com\/fr\/wp-json\/wp\/v2\/media?parent=3739"}],"curies":[{"name":"wp","href":"https:\/\/api.w.org\/{rel}","templated":true}]}}