{"id":3737,"date":"2023-04-05T06:51:42","date_gmt":"2023-04-05T06:51:42","guid":{"rendered":"https:\/\/www.karenhanna.com\/qui-nous-recrutons\/incident-responder\/"},"modified":"2023-08-03T06:32:10","modified_gmt":"2023-08-03T06:32:10","slug":"repondant-aux-incidents","status":"publish","type":"page","link":"https:\/\/www.karenhanna.com\/fr\/qui-nous-recrutons\/repondant-aux-incidents\/","title":{"rendered":"R\u00e9pondant aux incidents"},"content":{"rendered":"\t\t<div data-elementor-type=\"wp-page\" data-elementor-id=\"3737\" class=\"elementor elementor-3737 elementor-2985\">\n\t\t\t\t\t\t\t\t\t<section class=\"elementor-section elementor-top-section elementor-element elementor-element-cb69ef5 elementor-section-full_width elementor-section-stretched text-light elementor-section-height-min-height elementor-section-height-default elementor-section-items-middle\" data-id=\"cb69ef5\" data-element_type=\"section\" data-settings=\"{&quot;stretch_section&quot;:&quot;section-stretched&quot;,&quot;background_background&quot;:&quot;classic&quot;}\">\n\t\t\t\t\t\t\t<div class=\"elementor-background-overlay\"><\/div>\n\t\t\t\t\t\t\t<div class=\"elementor-container elementor-column-gap-no\">\n\t\t\t\t\t<div class=\"elementor-column elementor-col-100 elementor-top-column elementor-element elementor-element-5eebb18\" data-id=\"5eebb18\" data-element_type=\"column\">\n\t\t\t<div class=\"elementor-widget-wrap\">\n\t\t\t\t\t\t\t\t\t<\/div>\n\t\t<\/div>\n\t\t\t\t\t\t\t<\/div>\n\t\t<\/section>\n\t\t\t\t<section class=\"elementor-section elementor-top-section elementor-element elementor-element-468f1ec elementor-section-boxed elementor-section-height-default elementor-section-height-default\" data-id=\"468f1ec\" data-element_type=\"section\" data-settings=\"{&quot;background_background&quot;:&quot;classic&quot;}\">\n\t\t\t\t\t\t<div class=\"elementor-container elementor-column-gap-default\">\n\t\t\t\t\t<div class=\"elementor-column elementor-col-100 elementor-top-column elementor-element elementor-element-c53e6d0\" data-id=\"c53e6d0\" data-element_type=\"column\">\n\t\t\t<div class=\"elementor-widget-wrap elementor-element-populated\">\n\t\t\t\t\t\t\t\t<div class=\"elementor-element elementor-element-1dc7973 elementor-widget elementor-widget-heading\" data-id=\"1dc7973\" data-element_type=\"widget\" data-widget_type=\"heading.default\">\n\t\t\t\t<div class=\"elementor-widget-container\">\n\t\t\t<style>\/*! elementor - v3.11.5 - 14-03-2023 *\/\n.elementor-heading-title{padding:0;margin:0;line-height:1}.elementor-widget-heading .elementor-heading-title[class*=elementor-size-]>a{color:inherit;font-size:inherit;line-height:inherit}.elementor-widget-heading .elementor-heading-title.elementor-size-small{font-size:15px}.elementor-widget-heading .elementor-heading-title.elementor-size-medium{font-size:19px}.elementor-widget-heading .elementor-heading-title.elementor-size-large{font-size:29px}.elementor-widget-heading .elementor-heading-title.elementor-size-xl{font-size:39px}.elementor-widget-heading .elementor-heading-title.elementor-size-xxl{font-size:59px}<\/style><h3 class=\"elementor-heading-title elementor-size-default\">R\u00e9pondant aux incidents<\/h3>\t\t<\/div>\n\t\t\t\t<\/div>\n\t\t\t\t<div class=\"elementor-element elementor-element-fc055a4 elementor-widget elementor-widget-spacer\" data-id=\"fc055a4\" data-element_type=\"widget\" data-widget_type=\"spacer.default\">\n\t\t\t\t<div class=\"elementor-widget-container\">\n\t\t\t<style>\/*! elementor - v3.11.5 - 14-03-2023 *\/\n.elementor-column .elementor-spacer-inner{height:var(--spacer-size)}.e-con{--container-widget-width:100%}.e-con-inner>.elementor-widget-spacer,.e-con>.elementor-widget-spacer{width:var(--container-widget-width,var(--spacer-size));--align-self:var(--container-widget-align-self,initial);--flex-shrink:0}.e-con-inner>.elementor-widget-spacer>.elementor-widget-container,.e-con-inner>.elementor-widget-spacer>.elementor-widget-container>.elementor-spacer,.e-con>.elementor-widget-spacer>.elementor-widget-container,.e-con>.elementor-widget-spacer>.elementor-widget-container>.elementor-spacer{height:100%}.e-con-inner>.elementor-widget-spacer>.elementor-widget-container>.elementor-spacer>.elementor-spacer-inner,.e-con>.elementor-widget-spacer>.elementor-widget-container>.elementor-spacer>.elementor-spacer-inner{height:var(--container-widget-height,var(--spacer-size))}<\/style>\t\t<div class=\"elementor-spacer\">\n\t\t\t<div class=\"elementor-spacer-inner\"><\/div>\n\t\t<\/div>\n\t\t\t\t<\/div>\n\t\t\t\t<\/div>\n\t\t\t\t<div class=\"elementor-element elementor-element-f4300dd elementor-widget elementor-widget-text-editor\" data-id=\"f4300dd\" data-element_type=\"widget\" data-widget_type=\"text-editor.default\">\n\t\t\t\t<div class=\"elementor-widget-container\">\n\t\t\t<style>\/*! elementor - v3.11.5 - 14-03-2023 *\/\n.elementor-widget-text-editor.elementor-drop-cap-view-stacked .elementor-drop-cap{background-color:#818a91;color:#fff}.elementor-widget-text-editor.elementor-drop-cap-view-framed .elementor-drop-cap{color:#818a91;border:3px solid;background-color:transparent}.elementor-widget-text-editor:not(.elementor-drop-cap-view-default) .elementor-drop-cap{margin-top:8px}.elementor-widget-text-editor:not(.elementor-drop-cap-view-default) .elementor-drop-cap-letter{width:1em;height:1em}.elementor-widget-text-editor .elementor-drop-cap{float:left;text-align:center;line-height:1;font-size:50px}.elementor-widget-text-editor .elementor-drop-cap-letter{display:inline-block}<\/style>\t\t\t\t<p>R\u00e9pondant aux incidents <strong>cr\u00e9ent souvent des plans, des politiques et des formations de s\u00e9curit\u00e9 qui pr\u00e9parent les organisations \u00e0 r\u00e9pondre efficacement et efficacement aux cybermenaces<\/strong>. Ces professionnels travaillent souvent sous pression pour \u00e9valuer et r\u00e9pondre aux menaces gr\u00e2ce \u00e0 la d\u00e9tection des intrusions, \u00e0 l&#8217;audit de s\u00e9curit\u00e9 et \u00e0 l&#8217;analyse des risques.<\/p><p>La description de poste d&#8217;un intervenant en cas d&#8217;incident peut inclure les \u00e9l\u00e9ments suivants\u00a0:<strong>\u00a0<\/strong><\/p><p><strong>Responsabilit\u00e9s :<\/strong><strong>\u00a0<\/strong><\/p><ul><li>Effectuez des t\u00e2ches de gestion des incidents de cyberd\u00e9fense en temps r\u00e9el (par exemple, collectes m\u00e9dico-l\u00e9gales, corr\u00e9lation et suivi des intrusions, analyse des menaces et correction directe du syst\u00e8me).<\/li><li>Effectuez un triage de s\u00e9curit\u00e9 pour identifier et analyser les cyberincidents et les menaces.<\/li><li>Surveillez activement les r\u00e9seaux et les syst\u00e8mes pour d\u00e9tecter les cyberincidents et les menaces.<\/li><li>Effectuez une analyse des risques et des examens de s\u00e9curit\u00e9 des journaux syst\u00e8me pour identifier les cybermenaces possibles.<\/li><li>Effectuez des analyses et des examens et\/ou appliquez des analyseurs de r\u00e9seau, des outils d&#8217;\u00e9valuation des vuln\u00e9rabilit\u00e9s, des protocoles de r\u00e9seau, des protocoles de s\u00e9curit\u00e9 Internet, des syst\u00e8mes de d\u00e9tection d&#8217;intrusion, des pare-feu, des v\u00e9rificateurs de contenu et des logiciels de terminaux.<\/li><li>Collectez et analysez des donn\u00e9es pour identifier les failles et les vuln\u00e9rabilit\u00e9s de la cybers\u00e9curit\u00e9 et faites des recommandations qui permettent une correction rapide.<\/li><li>D\u00e9velopper et pr\u00e9parer des analyses et des rapports sur les incidents de cyberd\u00e9fense.<\/li><li>D\u00e9finir et maintenir des ensembles d&#8217;outils et des proc\u00e9dures.<\/li><li>\u00c9laborer, mettre en \u0153uvre et \u00e9valuer des plans et des activit\u00e9s de pr\u00e9vention et de r\u00e9ponse aux incidents, et s&#8217;adapter pour contenir, att\u00e9nuer ou \u00e9radiquer les effets d&#8217;un incident de cybers\u00e9curit\u00e9.<\/li><li>Fournir un soutien \u00e0 l&#8217;analyse des incidents sur les plans et les activit\u00e9s d&#8217;intervention.<\/li><li>Mener des recherches et du d\u00e9veloppement sur les incidents de cybers\u00e9curit\u00e9 et les mesures d&#8217;att\u00e9nuation.<\/li><li>Cr\u00e9ez un plan de d\u00e9veloppement de programme qui comprend des \u00e9valuations des failles de s\u00e9curit\u00e9, des politiques, des proc\u00e9dures, des playbooks et des manuels de formation.<strong>\u00a0<\/strong><\/li><\/ul><p><strong>Les crit\u00e8res de s\u00e9lection :<\/strong><strong>\u00a0<\/strong><\/p><ul><li>Dipl\u00f4me dans le domaine informatique avec sp\u00e9cialisation en informatique\/cybers\u00e9curit\u00e9, s\u00e9curit\u00e9 des r\u00e9seaux, ou formation et exp\u00e9rience similaires ou \u00e9quivalentes.<\/li><li>Formation aux op\u00e9rations de cybers\u00e9curit\u00e9.<\/li><li>Certification au niveau de l&#8217;industrie dans des domaines connexes tels que les op\u00e9rations de s\u00e9curit\u00e9\u00a0;s\u00e9curit\u00e9 Internet;d\u00e9tection et att\u00e9nuation des menaces\u00a0;fonctionnement de l&#8217;appliance de s\u00e9curit\u00e9.<\/li><\/ul>\t\t\t\t\t\t<\/div>\n\t\t\t\t<\/div>\n\t\t\t\t<div class=\"elementor-element elementor-element-a04951a elementor-widget elementor-widget-spacer\" data-id=\"a04951a\" data-element_type=\"widget\" data-widget_type=\"spacer.default\">\n\t\t\t\t<div class=\"elementor-widget-container\">\n\t\t\t\t\t<div class=\"elementor-spacer\">\n\t\t\t<div class=\"elementor-spacer-inner\"><\/div>\n\t\t<\/div>\n\t\t\t\t<\/div>\n\t\t\t\t<\/div>\n\t\t\t\t<div class=\"elementor-element elementor-element-255577a elementor-align-justify elementor-widget elementor-widget-button\" data-id=\"255577a\" data-element_type=\"widget\" data-widget_type=\"button.default\">\n\t\t\t\t<div class=\"elementor-widget-container\">\n\t\t\t\t\t<div class=\"elementor-button-wrapper\">\n\t\t\t<a href=\"https:\/\/www.karenhanna.com\/fr\/contact\/\" class=\"elementor-button-link elementor-button elementor-size-md\" role=\"button\">\n\t\t\t\t\t\t<span class=\"elementor-button-content-wrapper\">\n\t\t\t\t\t\t<span class=\"elementor-button-text\">Renseignez-vous maintenant<\/span>\n\t\t<\/span>\n\t\t\t\t\t<\/a>\n\t\t<\/div>\n\t\t\t\t<\/div>\n\t\t\t\t<\/div>\n\t\t\t\t\t<\/div>\n\t\t<\/div>\n\t\t\t\t\t\t\t<\/div>\n\t\t<\/section>\n\t\t\t\t\t\t\t<\/div>\n\t\t<div class=\"qrcprowrapper\" style=\"text-align:left;\" id=\"qrcwraaerfileds\"><div class=\"qrc_qrcode\" style=\"display:inline-block\" data-text=\"https:\/\/www.karenhanna.com\/fr\/qui-nous-recrutons\/repondant-aux-incidents\/\"><\/div><\/div>","protected":false},"excerpt":{"rendered":"<p>R\u00e9pondant aux incidents R\u00e9pondant aux incidents cr\u00e9ent souvent des plans, des politiques et des formations de s\u00e9curit\u00e9 qui pr\u00e9parent les organisations \u00e0 r\u00e9pondre efficacement et efficacement aux cybermenaces. Ces professionnels travaillent souvent sous pression pour \u00e9valuer et r\u00e9pondre aux menaces gr\u00e2ce \u00e0 la d\u00e9tection des intrusions, \u00e0 l&#8217;audit de s\u00e9curit\u00e9 et \u00e0 l&#8217;analyse des risques. [&hellip;]<\/p>\n","protected":false},"author":1,"featured_media":0,"parent":3574,"menu_order":0,"comment_status":"closed","ping_status":"closed","template":"page-template\/crystal-template.php","meta":{"footnotes":""},"class_list":["post-3737","page","type-page","status-publish","hentry"],"yoast_head":"<!-- This site is optimized with the Yoast SEO plugin v20.11 - https:\/\/yoast.com\/wordpress\/plugins\/seo\/ -->\n<title>R\u00e9pondant aux incidents - Karen Hanna Executive Search<\/title>\n<meta name=\"robots\" content=\"index, follow, max-snippet:-1, max-image-preview:large, max-video-preview:-1\" \/>\n<link rel=\"canonical\" href=\"https:\/\/www.karenhanna.com\/fr\/qui-nous-recrutons\/repondant-aux-incidents\/\" \/>\n<meta property=\"og:locale\" content=\"fr_FR\" \/>\n<meta property=\"og:type\" content=\"article\" \/>\n<meta property=\"og:title\" content=\"R\u00e9pondant aux incidents - Karen Hanna Executive Search\" \/>\n<meta property=\"og:description\" content=\"R\u00e9pondant aux incidents R\u00e9pondant aux incidents cr\u00e9ent souvent des plans, des politiques et des formations de s\u00e9curit\u00e9 qui pr\u00e9parent les organisations \u00e0 r\u00e9pondre efficacement et efficacement aux cybermenaces. Ces professionnels travaillent souvent sous pression pour \u00e9valuer et r\u00e9pondre aux menaces gr\u00e2ce \u00e0 la d\u00e9tection des intrusions, \u00e0 l&#8217;audit de s\u00e9curit\u00e9 et \u00e0 l&#8217;analyse des risques. [&hellip;]\" \/>\n<meta property=\"og:url\" content=\"https:\/\/www.karenhanna.com\/fr\/qui-nous-recrutons\/repondant-aux-incidents\/\" \/>\n<meta property=\"og:site_name\" content=\"Karen Hanna Executive Search\" \/>\n<meta property=\"article:publisher\" content=\"https:\/\/www.facebook.com\/karenhannaexecutivesearch\" \/>\n<meta property=\"article:modified_time\" content=\"2023-08-03T06:32:10+00:00\" \/>\n<meta name=\"twitter:card\" content=\"summary_large_image\" \/>\n<meta name=\"twitter:site\" content=\"@karenhannaES\" \/>\n<meta name=\"twitter:label1\" content=\"Dur\u00e9e de lecture estim\u00e9e\" \/>\n\t<meta name=\"twitter:data1\" content=\"2 minutes\" \/>\n<script type=\"application\/ld+json\" class=\"yoast-schema-graph\">{\"@context\":\"https:\/\/schema.org\",\"@graph\":[{\"@type\":\"WebPage\",\"@id\":\"https:\/\/www.karenhanna.com\/fr\/qui-nous-recrutons\/repondant-aux-incidents\/\",\"url\":\"https:\/\/www.karenhanna.com\/fr\/qui-nous-recrutons\/repondant-aux-incidents\/\",\"name\":\"R\u00e9pondant aux incidents - Karen Hanna Executive Search\",\"isPartOf\":{\"@id\":\"https:\/\/www.karenhanna.com\/#website\"},\"datePublished\":\"2023-04-05T06:51:42+00:00\",\"dateModified\":\"2023-08-03T06:32:10+00:00\",\"breadcrumb\":{\"@id\":\"https:\/\/www.karenhanna.com\/fr\/qui-nous-recrutons\/repondant-aux-incidents\/#breadcrumb\"},\"inLanguage\":\"fr-FR\",\"potentialAction\":[{\"@type\":\"ReadAction\",\"target\":[\"https:\/\/www.karenhanna.com\/fr\/qui-nous-recrutons\/repondant-aux-incidents\/\"]}]},{\"@type\":\"BreadcrumbList\",\"@id\":\"https:\/\/www.karenhanna.com\/fr\/qui-nous-recrutons\/repondant-aux-incidents\/#breadcrumb\",\"itemListElement\":[{\"@type\":\"ListItem\",\"position\":1,\"name\":\"Home\",\"item\":\"https:\/\/www.karenhanna.com\/fr\/\"},{\"@type\":\"ListItem\",\"position\":2,\"name\":\"Qui Nous Recrutons\",\"item\":\"https:\/\/www.karenhanna.com\/fr\/qui-nous-recrutons\/\"},{\"@type\":\"ListItem\",\"position\":3,\"name\":\"R\u00e9pondant aux incidents\"}]},{\"@type\":\"WebSite\",\"@id\":\"https:\/\/www.karenhanna.com\/#website\",\"url\":\"https:\/\/www.karenhanna.com\/\",\"name\":\"Karen Hanna Executive Search\",\"description\":\"\",\"publisher\":{\"@id\":\"https:\/\/www.karenhanna.com\/#organization\"},\"potentialAction\":[{\"@type\":\"SearchAction\",\"target\":{\"@type\":\"EntryPoint\",\"urlTemplate\":\"https:\/\/www.karenhanna.com\/?s={search_term_string}\"},\"query-input\":\"required name=search_term_string\"}],\"inLanguage\":\"fr-FR\"},{\"@type\":\"Organization\",\"@id\":\"https:\/\/www.karenhanna.com\/#organization\",\"name\":\"Karen Hanna Executive Search\",\"url\":\"https:\/\/www.karenhanna.com\/\",\"logo\":{\"@type\":\"ImageObject\",\"inLanguage\":\"fr-FR\",\"@id\":\"https:\/\/www.karenhanna.com\/#\/schema\/logo\/image\/\",\"url\":\"https:\/\/www.karenhanna.com\/wp-content\/uploads\/2023\/04\/karen-hanna-logo.png\",\"contentUrl\":\"https:\/\/www.karenhanna.com\/wp-content\/uploads\/2023\/04\/karen-hanna-logo.png\",\"width\":500,\"height\":500,\"caption\":\"Karen Hanna Executive Search\"},\"image\":{\"@id\":\"https:\/\/www.karenhanna.com\/#\/schema\/logo\/image\/\"},\"sameAs\":[\"https:\/\/www.facebook.com\/karenhannaexecutivesearch\",\"https:\/\/twitter.com\/karenhannaES\",\"https:\/\/www.linkedin.com\/company\/karen-hanna-recherche-de-cadres-executive-search\/about\/\",\"https:\/\/www.instagram.com\/karenhannaexecutivesearch\/\",\"https:\/\/www.youtube.com\/@KarenHannaExecutiveSearch\"]}]}<\/script>\n<!-- \/ Yoast SEO plugin. -->","yoast_head_json":{"title":"R\u00e9pondant aux incidents - Karen Hanna Executive Search","robots":{"index":"index","follow":"follow","max-snippet":"max-snippet:-1","max-image-preview":"max-image-preview:large","max-video-preview":"max-video-preview:-1"},"canonical":"https:\/\/www.karenhanna.com\/fr\/qui-nous-recrutons\/repondant-aux-incidents\/","og_locale":"fr_FR","og_type":"article","og_title":"R\u00e9pondant aux incidents - Karen Hanna Executive Search","og_description":"R\u00e9pondant aux incidents R\u00e9pondant aux incidents cr\u00e9ent souvent des plans, des politiques et des formations de s\u00e9curit\u00e9 qui pr\u00e9parent les organisations \u00e0 r\u00e9pondre efficacement et efficacement aux cybermenaces. Ces professionnels travaillent souvent sous pression pour \u00e9valuer et r\u00e9pondre aux menaces gr\u00e2ce \u00e0 la d\u00e9tection des intrusions, \u00e0 l&#8217;audit de s\u00e9curit\u00e9 et \u00e0 l&#8217;analyse des risques. [&hellip;]","og_url":"https:\/\/www.karenhanna.com\/fr\/qui-nous-recrutons\/repondant-aux-incidents\/","og_site_name":"Karen Hanna Executive Search","article_publisher":"https:\/\/www.facebook.com\/karenhannaexecutivesearch","article_modified_time":"2023-08-03T06:32:10+00:00","twitter_card":"summary_large_image","twitter_site":"@karenhannaES","twitter_misc":{"Dur\u00e9e de lecture estim\u00e9e":"2 minutes"},"schema":{"@context":"https:\/\/schema.org","@graph":[{"@type":"WebPage","@id":"https:\/\/www.karenhanna.com\/fr\/qui-nous-recrutons\/repondant-aux-incidents\/","url":"https:\/\/www.karenhanna.com\/fr\/qui-nous-recrutons\/repondant-aux-incidents\/","name":"R\u00e9pondant aux incidents - Karen Hanna Executive Search","isPartOf":{"@id":"https:\/\/www.karenhanna.com\/#website"},"datePublished":"2023-04-05T06:51:42+00:00","dateModified":"2023-08-03T06:32:10+00:00","breadcrumb":{"@id":"https:\/\/www.karenhanna.com\/fr\/qui-nous-recrutons\/repondant-aux-incidents\/#breadcrumb"},"inLanguage":"fr-FR","potentialAction":[{"@type":"ReadAction","target":["https:\/\/www.karenhanna.com\/fr\/qui-nous-recrutons\/repondant-aux-incidents\/"]}]},{"@type":"BreadcrumbList","@id":"https:\/\/www.karenhanna.com\/fr\/qui-nous-recrutons\/repondant-aux-incidents\/#breadcrumb","itemListElement":[{"@type":"ListItem","position":1,"name":"Home","item":"https:\/\/www.karenhanna.com\/fr\/"},{"@type":"ListItem","position":2,"name":"Qui Nous Recrutons","item":"https:\/\/www.karenhanna.com\/fr\/qui-nous-recrutons\/"},{"@type":"ListItem","position":3,"name":"R\u00e9pondant aux incidents"}]},{"@type":"WebSite","@id":"https:\/\/www.karenhanna.com\/#website","url":"https:\/\/www.karenhanna.com\/","name":"Karen Hanna Executive Search","description":"","publisher":{"@id":"https:\/\/www.karenhanna.com\/#organization"},"potentialAction":[{"@type":"SearchAction","target":{"@type":"EntryPoint","urlTemplate":"https:\/\/www.karenhanna.com\/?s={search_term_string}"},"query-input":"required name=search_term_string"}],"inLanguage":"fr-FR"},{"@type":"Organization","@id":"https:\/\/www.karenhanna.com\/#organization","name":"Karen Hanna Executive Search","url":"https:\/\/www.karenhanna.com\/","logo":{"@type":"ImageObject","inLanguage":"fr-FR","@id":"https:\/\/www.karenhanna.com\/#\/schema\/logo\/image\/","url":"https:\/\/www.karenhanna.com\/wp-content\/uploads\/2023\/04\/karen-hanna-logo.png","contentUrl":"https:\/\/www.karenhanna.com\/wp-content\/uploads\/2023\/04\/karen-hanna-logo.png","width":500,"height":500,"caption":"Karen Hanna Executive Search"},"image":{"@id":"https:\/\/www.karenhanna.com\/#\/schema\/logo\/image\/"},"sameAs":["https:\/\/www.facebook.com\/karenhannaexecutivesearch","https:\/\/twitter.com\/karenhannaES","https:\/\/www.linkedin.com\/company\/karen-hanna-recherche-de-cadres-executive-search\/about\/","https:\/\/www.instagram.com\/karenhannaexecutivesearch\/","https:\/\/www.youtube.com\/@KarenHannaExecutiveSearch"]}]}},"_links":{"self":[{"href":"https:\/\/www.karenhanna.com\/fr\/wp-json\/wp\/v2\/pages\/3737","targetHints":{"allow":["GET"]}}],"collection":[{"href":"https:\/\/www.karenhanna.com\/fr\/wp-json\/wp\/v2\/pages"}],"about":[{"href":"https:\/\/www.karenhanna.com\/fr\/wp-json\/wp\/v2\/types\/page"}],"author":[{"embeddable":true,"href":"https:\/\/www.karenhanna.com\/fr\/wp-json\/wp\/v2\/users\/1"}],"replies":[{"embeddable":true,"href":"https:\/\/www.karenhanna.com\/fr\/wp-json\/wp\/v2\/comments?post=3737"}],"version-history":[{"count":0,"href":"https:\/\/www.karenhanna.com\/fr\/wp-json\/wp\/v2\/pages\/3737\/revisions"}],"up":[{"embeddable":true,"href":"https:\/\/www.karenhanna.com\/fr\/wp-json\/wp\/v2\/pages\/3574"}],"wp:attachment":[{"href":"https:\/\/www.karenhanna.com\/fr\/wp-json\/wp\/v2\/media?parent=3737"}],"curies":[{"name":"wp","href":"https:\/\/api.w.org\/{rel}","templated":true}]}}