{"id":3695,"date":"2023-04-11T05:37:25","date_gmt":"2023-04-11T05:37:25","guid":{"rendered":"https:\/\/www.karenhanna.com\/qui-nous-recrutons\/threat-risk-assessment\/"},"modified":"2023-08-03T06:21:59","modified_gmt":"2023-08-03T06:21:59","slug":"evaluation-des-menaces-et-des-risques","status":"publish","type":"page","link":"https:\/\/www.karenhanna.com\/fr\/qui-nous-recrutons\/evaluation-des-menaces-et-des-risques\/","title":{"rendered":"\u00c9valuation des menaces et des risques"},"content":{"rendered":"\t\t<div data-elementor-type=\"wp-page\" data-elementor-id=\"3695\" class=\"elementor elementor-3695 elementor-3124\">\n\t\t\t\t\t\t\t\t\t<section class=\"elementor-section elementor-top-section elementor-element elementor-element-cb69ef5 elementor-section-full_width elementor-section-stretched text-light elementor-section-height-min-height elementor-section-height-default elementor-section-items-middle\" data-id=\"cb69ef5\" data-element_type=\"section\" data-settings=\"{&quot;stretch_section&quot;:&quot;section-stretched&quot;,&quot;background_background&quot;:&quot;classic&quot;}\">\n\t\t\t\t\t\t\t<div class=\"elementor-background-overlay\"><\/div>\n\t\t\t\t\t\t\t<div class=\"elementor-container elementor-column-gap-no\">\n\t\t\t\t\t<div class=\"elementor-column elementor-col-100 elementor-top-column elementor-element elementor-element-5eebb18\" data-id=\"5eebb18\" data-element_type=\"column\">\n\t\t\t<div class=\"elementor-widget-wrap\">\n\t\t\t\t\t\t\t\t\t<\/div>\n\t\t<\/div>\n\t\t\t\t\t\t\t<\/div>\n\t\t<\/section>\n\t\t\t\t<section class=\"elementor-section elementor-top-section elementor-element elementor-element-468f1ec elementor-section-boxed elementor-section-height-default elementor-section-height-default\" data-id=\"468f1ec\" data-element_type=\"section\" data-settings=\"{&quot;background_background&quot;:&quot;classic&quot;}\">\n\t\t\t\t\t\t<div class=\"elementor-container elementor-column-gap-default\">\n\t\t\t\t\t<div class=\"elementor-column elementor-col-100 elementor-top-column elementor-element elementor-element-c53e6d0\" data-id=\"c53e6d0\" data-element_type=\"column\">\n\t\t\t<div class=\"elementor-widget-wrap elementor-element-populated\">\n\t\t\t\t\t\t\t\t<div class=\"elementor-element elementor-element-1dc7973 elementor-widget elementor-widget-heading\" data-id=\"1dc7973\" data-element_type=\"widget\" data-widget_type=\"heading.default\">\n\t\t\t\t<div class=\"elementor-widget-container\">\n\t\t\t<style>\/*! elementor - v3.11.5 - 14-03-2023 *\/\n.elementor-heading-title{padding:0;margin:0;line-height:1}.elementor-widget-heading .elementor-heading-title[class*=elementor-size-]>a{color:inherit;font-size:inherit;line-height:inherit}.elementor-widget-heading .elementor-heading-title.elementor-size-small{font-size:15px}.elementor-widget-heading .elementor-heading-title.elementor-size-medium{font-size:19px}.elementor-widget-heading .elementor-heading-title.elementor-size-large{font-size:29px}.elementor-widget-heading .elementor-heading-title.elementor-size-xl{font-size:39px}.elementor-widget-heading .elementor-heading-title.elementor-size-xxl{font-size:59px}<\/style><h3 class=\"elementor-heading-title elementor-size-default\">\u00c9valuation des menaces et des risques<\/h3>\t\t<\/div>\n\t\t\t\t<\/div>\n\t\t\t\t<div class=\"elementor-element elementor-element-fc055a4 elementor-widget elementor-widget-spacer\" data-id=\"fc055a4\" data-element_type=\"widget\" data-widget_type=\"spacer.default\">\n\t\t\t\t<div class=\"elementor-widget-container\">\n\t\t\t<style>\/*! elementor - v3.11.5 - 14-03-2023 *\/\n.elementor-column .elementor-spacer-inner{height:var(--spacer-size)}.e-con{--container-widget-width:100%}.e-con-inner>.elementor-widget-spacer,.e-con>.elementor-widget-spacer{width:var(--container-widget-width,var(--spacer-size));--align-self:var(--container-widget-align-self,initial);--flex-shrink:0}.e-con-inner>.elementor-widget-spacer>.elementor-widget-container,.e-con-inner>.elementor-widget-spacer>.elementor-widget-container>.elementor-spacer,.e-con>.elementor-widget-spacer>.elementor-widget-container,.e-con>.elementor-widget-spacer>.elementor-widget-container>.elementor-spacer{height:100%}.e-con-inner>.elementor-widget-spacer>.elementor-widget-container>.elementor-spacer>.elementor-spacer-inner,.e-con>.elementor-widget-spacer>.elementor-widget-container>.elementor-spacer>.elementor-spacer-inner{height:var(--container-widget-height,var(--spacer-size))}<\/style>\t\t<div class=\"elementor-spacer\">\n\t\t\t<div class=\"elementor-spacer-inner\"><\/div>\n\t\t<\/div>\n\t\t\t\t<\/div>\n\t\t\t\t<\/div>\n\t\t\t\t<div class=\"elementor-element elementor-element-f4300dd elementor-widget elementor-widget-text-editor\" data-id=\"f4300dd\" data-element_type=\"widget\" data-widget_type=\"text-editor.default\">\n\t\t\t\t<div class=\"elementor-widget-container\">\n\t\t\t<style>\/*! elementor - v3.11.5 - 14-03-2023 *\/\n.elementor-widget-text-editor.elementor-drop-cap-view-stacked .elementor-drop-cap{background-color:#818a91;color:#fff}.elementor-widget-text-editor.elementor-drop-cap-view-framed .elementor-drop-cap{color:#818a91;border:3px solid;background-color:transparent}.elementor-widget-text-editor:not(.elementor-drop-cap-view-default) .elementor-drop-cap{margin-top:8px}.elementor-widget-text-editor:not(.elementor-drop-cap-view-default) .elementor-drop-cap-letter{width:1em;height:1em}.elementor-widget-text-editor .elementor-drop-cap{float:left;text-align:center;line-height:1;font-size:50px}.elementor-widget-text-editor .elementor-drop-cap-letter{display:inline-block}<\/style>\t\t\t\t<p>Une \u00e9valuation des menaces et des risques de s\u00e9curit\u00e9 est <strong>l&#8217;activit\u00e9 globale d&#8217;\u00e9valuation et de signalement des risques de s\u00e9curit\u00e9 pour un syst\u00e8me d&#8217;information afin d&#8217;aider \u00e0 prendre des d\u00e9cisions fond\u00e9es sur les risques en toute connaissance de cause.<\/strong> Une STRA documente \u00e9galement les cotes de risque et les traitements pr\u00e9vus.<\/p><p>La description de poste d&#8217;une \u00e9valuation des menaces et des risques peut inclure les \u00e9l\u00e9ments suivants\u00a0:<\/p><p><strong>Responsabilit\u00e9s :<\/strong><strong>\u00a0<\/strong><\/p><ul><li>Identifier et analyser les menaces techniques et les vuln\u00e9rabilit\u00e9s des r\u00e9seaux.<\/li><li>Identifier, contenir et mener des mesures d&#8217;att\u00e9nuation initiales et signaler les compromissions du syst\u00e8me.<\/li><li>Examiner, analyser et\/ou appliquer les protocoles de s\u00e9curit\u00e9 Internet\u00a0;algorithmes cryptographiques\u00a0;normes d&#8217;annuaire;protocoles de mise en r\u00e9seau\u00a0;durcissement du r\u00e9seau\u00a0;contr\u00f4les techniques de s\u00e9curit\u00e9 informatique ;Outils et techniques de s\u00e9curit\u00e9 informatique\u00a0;syst\u00e8mes de d\u00e9tection\/protection contre les intrusions\u00a0;pare-feu\u00a0;routeur\u00a0;multiplexeurs et commutateurs;et les appareils sans fil.<\/li><li>Analysez les donn\u00e9es de s\u00e9curit\u00e9 et fournissez des alertes, des conseils et des rapports. Installez, configurez, int\u00e9grez, ajustez, exploitez, surveillez les performances et d\u00e9tectez les d\u00e9fauts sur les dispositifs et syst\u00e8mes de s\u00e9curit\u00e9.<\/li><li>Effectuer une analyse d&#8217;impact pour les nouvelles impl\u00e9mentations logicielles, les changements de configuration majeurs et la gestion des correctifs.<\/li><li>D\u00e9panner les produits de s\u00e9curit\u00e9 et les incidents.<\/li><li>Identifiez les produits de s\u00e9curit\u00e9 et leur configuration pour atteindre les objectifs du projet li\u00e9s \u00e0 la s\u00e9curit\u00e9.<\/li><li>Mettre en \u0153uvre et tester les sp\u00e9cifications de configuration.<strong>\u00a0<\/strong><\/li><\/ul><p><strong>Les crit\u00e8res de s\u00e9lection :<\/strong><strong>\u00a0<\/strong><\/p><ul><li>Souvent un dipl\u00f4me en informatique ou en g\u00e9nie informatique OU un dipl\u00f4me d&#8217;\u00e9tudes coll\u00e9giales dans le domaine des TI avec une sp\u00e9cialisation en TI\/cybers\u00e9curit\u00e9, en s\u00e9curit\u00e9 des r\u00e9seaux ou une formation et une exp\u00e9rience similaires OU \u00e9quivalentes.<\/li><li>Certifications au niveau de l\u2019industrie dans un domaine connexe tel que les op\u00e9rations de s\u00e9curit\u00e9, la s\u00e9curit\u00e9 du r\u00e9seau, la d\u00e9tection et l\u2019att\u00e9nuation des menaces et les op\u00e9rations des dispositifs de s\u00e9curit\u00e9.<\/li><li>Formation et exp\u00e9rience en op\u00e9rations de cybers\u00e9curit\u00e9.<\/li><li>Exp\u00e9rience de travail dans des fonctions de renseignement sur les cybermenaces ou d\u2019op\u00e9rations de cybers\u00e9curit\u00e9.<\/li><li>Exp\u00e9rience dans l&#8217;\u00e9laboration de proc\u00e9dures d&#8217;att\u00e9nuation et de rem\u00e9diation.<\/li><li>Doit avoir de solides comp\u00e9tences en analyse, en \u00e9coute, en communication et en prise de d\u00e9cision.<\/li><\/ul>\t\t\t\t\t\t<\/div>\n\t\t\t\t<\/div>\n\t\t\t\t<div class=\"elementor-element elementor-element-a04951a elementor-widget elementor-widget-spacer\" data-id=\"a04951a\" data-element_type=\"widget\" data-widget_type=\"spacer.default\">\n\t\t\t\t<div class=\"elementor-widget-container\">\n\t\t\t\t\t<div class=\"elementor-spacer\">\n\t\t\t<div class=\"elementor-spacer-inner\"><\/div>\n\t\t<\/div>\n\t\t\t\t<\/div>\n\t\t\t\t<\/div>\n\t\t\t\t<div class=\"elementor-element elementor-element-255577a elementor-align-justify elementor-widget elementor-widget-button\" data-id=\"255577a\" data-element_type=\"widget\" data-widget_type=\"button.default\">\n\t\t\t\t<div class=\"elementor-widget-container\">\n\t\t\t\t\t<div class=\"elementor-button-wrapper\">\n\t\t\t<a href=\"https:\/\/www.karenhanna.com\/fr\/contact\/\" class=\"elementor-button-link elementor-button elementor-size-md\" role=\"button\">\n\t\t\t\t\t\t<span class=\"elementor-button-content-wrapper\">\n\t\t\t\t\t\t<span class=\"elementor-button-text\">Renseignez-vous maintenant<\/span>\n\t\t<\/span>\n\t\t\t\t\t<\/a>\n\t\t<\/div>\n\t\t\t\t<\/div>\n\t\t\t\t<\/div>\n\t\t\t\t\t<\/div>\n\t\t<\/div>\n\t\t\t\t\t\t\t<\/div>\n\t\t<\/section>\n\t\t\t\t\t\t\t<\/div>\n\t\t<div class=\"qrcprowrapper\" style=\"text-align:left;\" id=\"qrcwraaerfileds\"><div class=\"qrc_qrcode\" style=\"display:inline-block\" data-text=\"https:\/\/www.karenhanna.com\/fr\/qui-nous-recrutons\/evaluation-des-menaces-et-des-risques\/\"><\/div><\/div>","protected":false},"excerpt":{"rendered":"<p>\u00c9valuation des menaces et des risques Une \u00e9valuation des menaces et des risques de s\u00e9curit\u00e9 est l&#8217;activit\u00e9 globale d&#8217;\u00e9valuation et de signalement des risques de s\u00e9curit\u00e9 pour un syst\u00e8me d&#8217;information afin d&#8217;aider \u00e0 prendre des d\u00e9cisions fond\u00e9es sur les risques en toute connaissance de cause. Une STRA documente \u00e9galement les cotes de risque et les [&hellip;]<\/p>\n","protected":false},"author":1,"featured_media":0,"parent":3574,"menu_order":0,"comment_status":"closed","ping_status":"closed","template":"page-template\/crystal-template.php","meta":{"footnotes":""},"class_list":["post-3695","page","type-page","status-publish","hentry"],"yoast_head":"<!-- This site is optimized with the Yoast SEO plugin v20.11 - https:\/\/yoast.com\/wordpress\/plugins\/seo\/ -->\n<title>\u00c9valuation des menaces et des risques - Karen Hanna Executive Search<\/title>\n<meta name=\"robots\" content=\"index, follow, max-snippet:-1, max-image-preview:large, max-video-preview:-1\" \/>\n<link rel=\"canonical\" href=\"https:\/\/www.karenhanna.com\/fr\/qui-nous-recrutons\/evaluation-des-menaces-et-des-risques\/\" \/>\n<meta property=\"og:locale\" content=\"fr_FR\" \/>\n<meta property=\"og:type\" content=\"article\" \/>\n<meta property=\"og:title\" content=\"\u00c9valuation des menaces et des risques - Karen Hanna Executive Search\" \/>\n<meta property=\"og:description\" content=\"\u00c9valuation des menaces et des risques Une \u00e9valuation des menaces et des risques de s\u00e9curit\u00e9 est l&#8217;activit\u00e9 globale d&#8217;\u00e9valuation et de signalement des risques de s\u00e9curit\u00e9 pour un syst\u00e8me d&#8217;information afin d&#8217;aider \u00e0 prendre des d\u00e9cisions fond\u00e9es sur les risques en toute connaissance de cause. Une STRA documente \u00e9galement les cotes de risque et les [&hellip;]\" \/>\n<meta property=\"og:url\" content=\"https:\/\/www.karenhanna.com\/fr\/qui-nous-recrutons\/evaluation-des-menaces-et-des-risques\/\" \/>\n<meta property=\"og:site_name\" content=\"Karen Hanna Executive Search\" \/>\n<meta property=\"article:publisher\" content=\"https:\/\/www.facebook.com\/karenhannaexecutivesearch\" \/>\n<meta property=\"article:modified_time\" content=\"2023-08-03T06:21:59+00:00\" \/>\n<meta name=\"twitter:card\" content=\"summary_large_image\" \/>\n<meta name=\"twitter:site\" content=\"@karenhannaES\" \/>\n<meta name=\"twitter:label1\" content=\"Dur\u00e9e de lecture estim\u00e9e\" \/>\n\t<meta name=\"twitter:data1\" content=\"2 minutes\" \/>\n<script type=\"application\/ld+json\" class=\"yoast-schema-graph\">{\"@context\":\"https:\/\/schema.org\",\"@graph\":[{\"@type\":\"WebPage\",\"@id\":\"https:\/\/www.karenhanna.com\/fr\/qui-nous-recrutons\/evaluation-des-menaces-et-des-risques\/\",\"url\":\"https:\/\/www.karenhanna.com\/fr\/qui-nous-recrutons\/evaluation-des-menaces-et-des-risques\/\",\"name\":\"\u00c9valuation des menaces et des risques - Karen Hanna Executive Search\",\"isPartOf\":{\"@id\":\"https:\/\/www.karenhanna.com\/#website\"},\"datePublished\":\"2023-04-11T05:37:25+00:00\",\"dateModified\":\"2023-08-03T06:21:59+00:00\",\"breadcrumb\":{\"@id\":\"https:\/\/www.karenhanna.com\/fr\/qui-nous-recrutons\/evaluation-des-menaces-et-des-risques\/#breadcrumb\"},\"inLanguage\":\"fr-FR\",\"potentialAction\":[{\"@type\":\"ReadAction\",\"target\":[\"https:\/\/www.karenhanna.com\/fr\/qui-nous-recrutons\/evaluation-des-menaces-et-des-risques\/\"]}]},{\"@type\":\"BreadcrumbList\",\"@id\":\"https:\/\/www.karenhanna.com\/fr\/qui-nous-recrutons\/evaluation-des-menaces-et-des-risques\/#breadcrumb\",\"itemListElement\":[{\"@type\":\"ListItem\",\"position\":1,\"name\":\"Home\",\"item\":\"https:\/\/www.karenhanna.com\/fr\/\"},{\"@type\":\"ListItem\",\"position\":2,\"name\":\"Qui Nous Recrutons\",\"item\":\"https:\/\/www.karenhanna.com\/fr\/qui-nous-recrutons\/\"},{\"@type\":\"ListItem\",\"position\":3,\"name\":\"\u00c9valuation des menaces et des risques\"}]},{\"@type\":\"WebSite\",\"@id\":\"https:\/\/www.karenhanna.com\/#website\",\"url\":\"https:\/\/www.karenhanna.com\/\",\"name\":\"Karen Hanna Executive Search\",\"description\":\"\",\"publisher\":{\"@id\":\"https:\/\/www.karenhanna.com\/#organization\"},\"potentialAction\":[{\"@type\":\"SearchAction\",\"target\":{\"@type\":\"EntryPoint\",\"urlTemplate\":\"https:\/\/www.karenhanna.com\/?s={search_term_string}\"},\"query-input\":\"required name=search_term_string\"}],\"inLanguage\":\"fr-FR\"},{\"@type\":\"Organization\",\"@id\":\"https:\/\/www.karenhanna.com\/#organization\",\"name\":\"Karen Hanna Executive Search\",\"url\":\"https:\/\/www.karenhanna.com\/\",\"logo\":{\"@type\":\"ImageObject\",\"inLanguage\":\"fr-FR\",\"@id\":\"https:\/\/www.karenhanna.com\/#\/schema\/logo\/image\/\",\"url\":\"https:\/\/www.karenhanna.com\/wp-content\/uploads\/2023\/04\/karen-hanna-logo.png\",\"contentUrl\":\"https:\/\/www.karenhanna.com\/wp-content\/uploads\/2023\/04\/karen-hanna-logo.png\",\"width\":500,\"height\":500,\"caption\":\"Karen Hanna Executive Search\"},\"image\":{\"@id\":\"https:\/\/www.karenhanna.com\/#\/schema\/logo\/image\/\"},\"sameAs\":[\"https:\/\/www.facebook.com\/karenhannaexecutivesearch\",\"https:\/\/twitter.com\/karenhannaES\",\"https:\/\/www.linkedin.com\/company\/karen-hanna-recherche-de-cadres-executive-search\/about\/\",\"https:\/\/www.instagram.com\/karenhannaexecutivesearch\/\",\"https:\/\/www.youtube.com\/@KarenHannaExecutiveSearch\"]}]}<\/script>\n<!-- \/ Yoast SEO plugin. -->","yoast_head_json":{"title":"\u00c9valuation des menaces et des risques - Karen Hanna Executive Search","robots":{"index":"index","follow":"follow","max-snippet":"max-snippet:-1","max-image-preview":"max-image-preview:large","max-video-preview":"max-video-preview:-1"},"canonical":"https:\/\/www.karenhanna.com\/fr\/qui-nous-recrutons\/evaluation-des-menaces-et-des-risques\/","og_locale":"fr_FR","og_type":"article","og_title":"\u00c9valuation des menaces et des risques - Karen Hanna Executive Search","og_description":"\u00c9valuation des menaces et des risques Une \u00e9valuation des menaces et des risques de s\u00e9curit\u00e9 est l&#8217;activit\u00e9 globale d&#8217;\u00e9valuation et de signalement des risques de s\u00e9curit\u00e9 pour un syst\u00e8me d&#8217;information afin d&#8217;aider \u00e0 prendre des d\u00e9cisions fond\u00e9es sur les risques en toute connaissance de cause. Une STRA documente \u00e9galement les cotes de risque et les [&hellip;]","og_url":"https:\/\/www.karenhanna.com\/fr\/qui-nous-recrutons\/evaluation-des-menaces-et-des-risques\/","og_site_name":"Karen Hanna Executive Search","article_publisher":"https:\/\/www.facebook.com\/karenhannaexecutivesearch","article_modified_time":"2023-08-03T06:21:59+00:00","twitter_card":"summary_large_image","twitter_site":"@karenhannaES","twitter_misc":{"Dur\u00e9e de lecture estim\u00e9e":"2 minutes"},"schema":{"@context":"https:\/\/schema.org","@graph":[{"@type":"WebPage","@id":"https:\/\/www.karenhanna.com\/fr\/qui-nous-recrutons\/evaluation-des-menaces-et-des-risques\/","url":"https:\/\/www.karenhanna.com\/fr\/qui-nous-recrutons\/evaluation-des-menaces-et-des-risques\/","name":"\u00c9valuation des menaces et des risques - Karen Hanna Executive Search","isPartOf":{"@id":"https:\/\/www.karenhanna.com\/#website"},"datePublished":"2023-04-11T05:37:25+00:00","dateModified":"2023-08-03T06:21:59+00:00","breadcrumb":{"@id":"https:\/\/www.karenhanna.com\/fr\/qui-nous-recrutons\/evaluation-des-menaces-et-des-risques\/#breadcrumb"},"inLanguage":"fr-FR","potentialAction":[{"@type":"ReadAction","target":["https:\/\/www.karenhanna.com\/fr\/qui-nous-recrutons\/evaluation-des-menaces-et-des-risques\/"]}]},{"@type":"BreadcrumbList","@id":"https:\/\/www.karenhanna.com\/fr\/qui-nous-recrutons\/evaluation-des-menaces-et-des-risques\/#breadcrumb","itemListElement":[{"@type":"ListItem","position":1,"name":"Home","item":"https:\/\/www.karenhanna.com\/fr\/"},{"@type":"ListItem","position":2,"name":"Qui Nous Recrutons","item":"https:\/\/www.karenhanna.com\/fr\/qui-nous-recrutons\/"},{"@type":"ListItem","position":3,"name":"\u00c9valuation des menaces et des risques"}]},{"@type":"WebSite","@id":"https:\/\/www.karenhanna.com\/#website","url":"https:\/\/www.karenhanna.com\/","name":"Karen Hanna Executive Search","description":"","publisher":{"@id":"https:\/\/www.karenhanna.com\/#organization"},"potentialAction":[{"@type":"SearchAction","target":{"@type":"EntryPoint","urlTemplate":"https:\/\/www.karenhanna.com\/?s={search_term_string}"},"query-input":"required name=search_term_string"}],"inLanguage":"fr-FR"},{"@type":"Organization","@id":"https:\/\/www.karenhanna.com\/#organization","name":"Karen Hanna Executive Search","url":"https:\/\/www.karenhanna.com\/","logo":{"@type":"ImageObject","inLanguage":"fr-FR","@id":"https:\/\/www.karenhanna.com\/#\/schema\/logo\/image\/","url":"https:\/\/www.karenhanna.com\/wp-content\/uploads\/2023\/04\/karen-hanna-logo.png","contentUrl":"https:\/\/www.karenhanna.com\/wp-content\/uploads\/2023\/04\/karen-hanna-logo.png","width":500,"height":500,"caption":"Karen Hanna Executive Search"},"image":{"@id":"https:\/\/www.karenhanna.com\/#\/schema\/logo\/image\/"},"sameAs":["https:\/\/www.facebook.com\/karenhannaexecutivesearch","https:\/\/twitter.com\/karenhannaES","https:\/\/www.linkedin.com\/company\/karen-hanna-recherche-de-cadres-executive-search\/about\/","https:\/\/www.instagram.com\/karenhannaexecutivesearch\/","https:\/\/www.youtube.com\/@KarenHannaExecutiveSearch"]}]}},"_links":{"self":[{"href":"https:\/\/www.karenhanna.com\/fr\/wp-json\/wp\/v2\/pages\/3695","targetHints":{"allow":["GET"]}}],"collection":[{"href":"https:\/\/www.karenhanna.com\/fr\/wp-json\/wp\/v2\/pages"}],"about":[{"href":"https:\/\/www.karenhanna.com\/fr\/wp-json\/wp\/v2\/types\/page"}],"author":[{"embeddable":true,"href":"https:\/\/www.karenhanna.com\/fr\/wp-json\/wp\/v2\/users\/1"}],"replies":[{"embeddable":true,"href":"https:\/\/www.karenhanna.com\/fr\/wp-json\/wp\/v2\/comments?post=3695"}],"version-history":[{"count":0,"href":"https:\/\/www.karenhanna.com\/fr\/wp-json\/wp\/v2\/pages\/3695\/revisions"}],"up":[{"embeddable":true,"href":"https:\/\/www.karenhanna.com\/fr\/wp-json\/wp\/v2\/pages\/3574"}],"wp:attachment":[{"href":"https:\/\/www.karenhanna.com\/fr\/wp-json\/wp\/v2\/media?parent=3695"}],"curies":[{"name":"wp","href":"https:\/\/api.w.org\/{rel}","templated":true}]}}